{"id":2234,"date":"2021-03-11T17:11:12","date_gmt":"2021-03-11T20:11:12","guid":{"rendered":"http:\/\/200.80.234.162\/?page_id=2234"},"modified":"2021-04-20T11:30:07","modified_gmt":"2021-04-20T14:30:07","slug":"home-portugues","status":"publish","type":"page","link":"https:\/\/egimpresores.com\/?page_id=2234&lang=pt","title":{"rendered":"Inicial"},"content":{"rendered":"[vc_row type=\u00bbfull_width_background\u00bb full_screen_row_position=\u00bbmiddle\u00bb column_margin=\u00bbdefault\u00bb column_direction=\u00bbdefault\u00bb column_direction_tablet=\u00bbdefault\u00bb column_direction_phone=\u00bbdefault\u00bb video_bg=\u00bbuse_video\u00bb video_mp4=\u00bb\/wp-content\/uploads\/V06_Loop_corto.mp4&#8243; scene_position=\u00bbcenter\u00bb top_padding=\u00bb395&#8243; bottom_padding=\u00bb204&#8243; top_padding_phone=\u00bb200&#8243; bottom_padding_phone=\u00bb50&#8243; text_color=\u00bbdark\u00bb text_align=\u00bbleft\u00bb row_border_radius=\u00bbnone\u00bb row_border_radius_applies=\u00bbbg\u00bb overlay_strength=\u00bb0.3&#8243; gradient_direction=\u00bbleft_to_right\u00bb shape_divider_position=\u00bbbottom\u00bb bg_image_animation=\u00bbnone\u00bb shape_type=\u00bb\u00bb][vc_column column_padding=\u00bbno-extra-padding\u00bb column_padding_tablet=\u00bbinherit\u00bb column_padding_phone=\u00bbinherit\u00bb column_padding_position=\u00bball\u00bb background_color_opacity=\u00bb1&#8243; background_hover_color_opacity=\u00bb1&#8243; column_shadow=\u00bbnone\u00bb column_border_radius=\u00bbnone\u00bb column_link_target=\u00bb_self\u00bb gradient_direction=\u00bbleft_to_right\u00bb overlay_strength=\u00bb0.3&#8243; width=\u00bb1\/1&#8243; tablet_width_inherit=\u00bbdefault\u00bb tablet_text_alignment=\u00bbdefault\u00bb phone_text_alignment=\u00bbdefault\u00bb column_border_width=\u00bbnone\u00bb column_border_style=\u00bbsolid\u00bb bg_image_animation=\u00bbnone\u00bb][vc_column_text]\n<h1 style=\"color: #ffffff;\">Todos os processos gr\u00e1ficos<br \/>\nem um s\u00f3 lugar<\/h1>\n[\/vc_column_text][vc_column_text css=\u00bb.vc_custom_1615564381850{margin-top: -10px !important;}\u00bb]\n<h3 style=\"color: #ffffff;\">50 anos de trajet\u00f3ria na ind\u00fastria gr\u00e1fica<\/h3>\n[\/vc_column_text][vc_raw_html css=\u00bb.vc_custom_1612539627067{padding-top: 12px !important;}\u00bb]JTNDaHIlMjBzdHlsZSUzRCUyMndpZHRoJTNBNSUyNSUzQnRleHQtYWxpZ24lM0FsZWZ0JTNCbWFyZ2luLWxlZnQlM0EwJTNCY29sb3IlM0FmZmZmZmYlM0IlMjIlM0UlM0MlMkZociUzRQ==[\/vc_raw_html][\/vc_column][\/vc_row]\n","protected":false},"excerpt":{"rendered":"<p>[vc_row type=\u00bbfull_width_background\u00bb full_screen_row_position=\u00bbmiddle\u00bb column_margin=\u00bbdefault\u00bb column_direction=\u00bbdefault\u00bb column_direction_tablet=\u00bbdefault\u00bb column_direction_phone=\u00bbdefault\u00bb video_bg=\u00bbuse_video\u00bb video_mp4=\u00bb\/wp-content\/uploads\/V06_Loop_corto.mp4&#8243; scene_position=\u00bbcenter\u00bb top_padding=\u00bb395&#8243; bottom_padding=\u00bb204&#8243; top_padding_phone=\u00bb200&#8243; bottom_padding_phone=\u00bb50&#8243; text_color=\u00bbdark\u00bb text_align=\u00bbleft\u00bb row_border_radius=\u00bbnone\u00bb row_border_radius_applies=\u00bbbg\u00bb overlay_strength=\u00bb0.3&#8243; gradient_direction=\u00bbleft_to_right\u00bb shape_divider_position=\u00bbbottom\u00bb bg_image_animation=\u00bbnone\u00bb shape_type=\u00bb\u00bb][vc_column column_padding=\u00bbno-extra-padding\u00bb column_padding_tablet=\u00bbinherit\u00bb column_padding_phone=\u00bbinherit\u00bb column_padding_position=\u00bball\u00bb background_color_opacity=\u00bb1&#8243; background_hover_color_opacity=\u00bb1&#8243; column_shadow=\u00bbnone\u00bb&#8230;<\/p>\n","protected":false},"author":1,"featured_media":0,"parent":0,"menu_order":0,"comment_status":"closed","ping_status":"closed","template":"","meta":{"footnotes":""},"class_list":["post-2234","page","type-page","status-publish"],"yoast_head":"<!-- This site is optimized with the Yoast SEO plugin v27.4 - https:\/\/yoast.com\/product\/yoast-seo-wordpress\/ -->\n<title>Inicial | EG Impresores<\/title>\n<meta name=\"robots\" content=\"index, follow, max-snippet:-1, max-image-preview:large, max-video-preview:-1\" \/>\n<link rel=\"canonical\" href=\"https:\/\/egimpresores.com\/?page_id=2234&lang=pt\" \/>\n<meta property=\"og:locale\" content=\"es_ES\" \/>\n<meta property=\"og:type\" content=\"article\" \/>\n<meta property=\"og:title\" content=\"Inicial | EG Impresores\" \/>\n<meta property=\"og:description\" content=\"[vc_row type=\u00bbfull_width_background\u00bb full_screen_row_position=\u00bbmiddle\u00bb column_margin=\u00bbdefault\u00bb column_direction=\u00bbdefault\u00bb column_direction_tablet=\u00bbdefault\u00bb column_direction_phone=\u00bbdefault\u00bb video_bg=\u00bbuse_video\u00bb video_mp4=\u00bb\/wp-content\/uploads\/V06_Loop_corto.mp4&#8243; scene_position=\u00bbcenter\u00bb top_padding=\u00bb395&#8243; bottom_padding=\u00bb204&#8243; top_padding_phone=\u00bb200&#8243; bottom_padding_phone=\u00bb50&#8243; text_color=\u00bbdark\u00bb text_align=\u00bbleft\u00bb row_border_radius=\u00bbnone\u00bb row_border_radius_applies=\u00bbbg\u00bb overlay_strength=\u00bb0.3&#8243; gradient_direction=\u00bbleft_to_right\u00bb shape_divider_position=\u00bbbottom\u00bb bg_image_animation=\u00bbnone\u00bb shape_type=\u00bb\u00bb][vc_column column_padding=\u00bbno-extra-padding\u00bb column_padding_tablet=\u00bbinherit\u00bb column_padding_phone=\u00bbinherit\u00bb column_padding_position=\u00bball\u00bb background_color_opacity=\u00bb1&#8243; background_hover_color_opacity=\u00bb1&#8243; column_shadow=\u00bbnone\u00bb...\" \/>\n<meta property=\"og:url\" content=\"https:\/\/egimpresores.com\/?page_id=2234&amp;lang=pt\" \/>\n<meta property=\"og:site_name\" content=\"EG Impresores\" \/>\n<meta property=\"article:modified_time\" content=\"2021-04-20T14:30:07+00:00\" \/>\n<meta property=\"og:image\" content=\"https:\/\/egimpresores.com\/wp-content\/uploads\/logo@2x-1.png\" \/>\n\t<meta property=\"og:image:width\" content=\"386\" \/>\n\t<meta property=\"og:image:height\" content=\"72\" \/>\n\t<meta property=\"og:image:type\" content=\"image\/png\" \/>\n<meta name=\"twitter:card\" content=\"summary_large_image\" \/>\n<meta name=\"twitter:label1\" content=\"Tiempo de lectura\" \/>\n\t<meta name=\"twitter:data1\" content=\"1 minuto\" \/>\n<script type=\"application\/ld+json\" class=\"yoast-schema-graph\">{\"@context\":\"https:\\\/\\\/schema.org\",\"@graph\":[{\"@type\":\"WebPage\",\"@id\":\"https:\\\/\\\/egimpresores.com\\\/?page_id=2234&lang=pt\",\"url\":\"https:\\\/\\\/egimpresores.com\\\/?page_id=2234&lang=pt\",\"name\":\"Inicial | EG Impresores\",\"isPartOf\":{\"@id\":\"https:\\\/\\\/egimpresores.com\\\/#website\"},\"datePublished\":\"2021-03-11T20:11:12+00:00\",\"dateModified\":\"2021-04-20T14:30:07+00:00\",\"breadcrumb\":{\"@id\":\"https:\\\/\\\/egimpresores.com\\\/?page_id=2234&lang=pt#breadcrumb\"},\"inLanguage\":\"es\",\"potentialAction\":[{\"@type\":\"ReadAction\",\"target\":[\"https:\\\/\\\/egimpresores.com\\\/?page_id=2234&lang=pt\"]}]},{\"@type\":\"BreadcrumbList\",\"@id\":\"https:\\\/\\\/egimpresores.com\\\/?page_id=2234&lang=pt#breadcrumb\",\"itemListElement\":[{\"@type\":\"ListItem\",\"position\":1,\"name\":\"Portada\",\"item\":\"https:\\\/\\\/egimpresores.com\\\/\"},{\"@type\":\"ListItem\",\"position\":2,\"name\":\"Inicial\"}]},{\"@type\":\"WebSite\",\"@id\":\"https:\\\/\\\/egimpresores.com\\\/#website\",\"url\":\"https:\\\/\\\/egimpresores.com\\\/\",\"name\":\"EG Impresores\",\"description\":\"Establecimiento Gr&aacute;fico\",\"publisher\":{\"@id\":\"https:\\\/\\\/egimpresores.com\\\/#organization\"},\"potentialAction\":[{\"@type\":\"SearchAction\",\"target\":{\"@type\":\"EntryPoint\",\"urlTemplate\":\"https:\\\/\\\/egimpresores.com\\\/?s={search_term_string}\"},\"query-input\":{\"@type\":\"PropertyValueSpecification\",\"valueRequired\":true,\"valueName\":\"search_term_string\"}}],\"inLanguage\":\"es\"},{\"@type\":\"Organization\",\"@id\":\"https:\\\/\\\/egimpresores.com\\\/#organization\",\"name\":\"EG Impresores\",\"url\":\"https:\\\/\\\/egimpresores.com\\\/\",\"logo\":{\"@type\":\"ImageObject\",\"inLanguage\":\"es\",\"@id\":\"https:\\\/\\\/egimpresores.com\\\/#\\\/schema\\\/logo\\\/image\\\/\",\"url\":\"http:\\\/\\\/egimpresores.com\\\/wp-content\\\/uploads\\\/logo.png\",\"contentUrl\":\"http:\\\/\\\/egimpresores.com\\\/wp-content\\\/uploads\\\/logo.png\",\"width\":193,\"height\":36,\"caption\":\"EG Impresores\"},\"image\":{\"@id\":\"https:\\\/\\\/egimpresores.com\\\/#\\\/schema\\\/logo\\\/image\\\/\"}}]}<\/script>\n<!-- \/ Yoast SEO plugin. -->","yoast_head_json":{"title":"Inicial | EG Impresores","robots":{"index":"index","follow":"follow","max-snippet":"max-snippet:-1","max-image-preview":"max-image-preview:large","max-video-preview":"max-video-preview:-1"},"canonical":"https:\/\/egimpresores.com\/?page_id=2234&lang=pt","og_locale":"es_ES","og_type":"article","og_title":"Inicial | EG Impresores","og_description":"[vc_row type=\u00bbfull_width_background\u00bb full_screen_row_position=\u00bbmiddle\u00bb column_margin=\u00bbdefault\u00bb column_direction=\u00bbdefault\u00bb column_direction_tablet=\u00bbdefault\u00bb column_direction_phone=\u00bbdefault\u00bb video_bg=\u00bbuse_video\u00bb video_mp4=\u00bb\/wp-content\/uploads\/V06_Loop_corto.mp4&#8243; scene_position=\u00bbcenter\u00bb top_padding=\u00bb395&#8243; bottom_padding=\u00bb204&#8243; top_padding_phone=\u00bb200&#8243; bottom_padding_phone=\u00bb50&#8243; text_color=\u00bbdark\u00bb text_align=\u00bbleft\u00bb row_border_radius=\u00bbnone\u00bb row_border_radius_applies=\u00bbbg\u00bb overlay_strength=\u00bb0.3&#8243; gradient_direction=\u00bbleft_to_right\u00bb shape_divider_position=\u00bbbottom\u00bb bg_image_animation=\u00bbnone\u00bb shape_type=\u00bb\u00bb][vc_column column_padding=\u00bbno-extra-padding\u00bb column_padding_tablet=\u00bbinherit\u00bb column_padding_phone=\u00bbinherit\u00bb column_padding_position=\u00bball\u00bb background_color_opacity=\u00bb1&#8243; background_hover_color_opacity=\u00bb1&#8243; column_shadow=\u00bbnone\u00bb...","og_url":"https:\/\/egimpresores.com\/?page_id=2234&lang=pt","og_site_name":"EG Impresores","article_modified_time":"2021-04-20T14:30:07+00:00","og_image":[{"width":386,"height":72,"url":"https:\/\/egimpresores.com\/wp-content\/uploads\/logo@2x-1.png","type":"image\/png"}],"twitter_card":"summary_large_image","twitter_misc":{"Tiempo de lectura":"1 minuto"},"schema":{"@context":"https:\/\/schema.org","@graph":[{"@type":"WebPage","@id":"https:\/\/egimpresores.com\/?page_id=2234&lang=pt","url":"https:\/\/egimpresores.com\/?page_id=2234&lang=pt","name":"Inicial | EG Impresores","isPartOf":{"@id":"https:\/\/egimpresores.com\/#website"},"datePublished":"2021-03-11T20:11:12+00:00","dateModified":"2021-04-20T14:30:07+00:00","breadcrumb":{"@id":"https:\/\/egimpresores.com\/?page_id=2234&lang=pt#breadcrumb"},"inLanguage":"es","potentialAction":[{"@type":"ReadAction","target":["https:\/\/egimpresores.com\/?page_id=2234&lang=pt"]}]},{"@type":"BreadcrumbList","@id":"https:\/\/egimpresores.com\/?page_id=2234&lang=pt#breadcrumb","itemListElement":[{"@type":"ListItem","position":1,"name":"Portada","item":"https:\/\/egimpresores.com\/"},{"@type":"ListItem","position":2,"name":"Inicial"}]},{"@type":"WebSite","@id":"https:\/\/egimpresores.com\/#website","url":"https:\/\/egimpresores.com\/","name":"EG Impresores","description":"Establecimiento Gr&aacute;fico","publisher":{"@id":"https:\/\/egimpresores.com\/#organization"},"potentialAction":[{"@type":"SearchAction","target":{"@type":"EntryPoint","urlTemplate":"https:\/\/egimpresores.com\/?s={search_term_string}"},"query-input":{"@type":"PropertyValueSpecification","valueRequired":true,"valueName":"search_term_string"}}],"inLanguage":"es"},{"@type":"Organization","@id":"https:\/\/egimpresores.com\/#organization","name":"EG Impresores","url":"https:\/\/egimpresores.com\/","logo":{"@type":"ImageObject","inLanguage":"es","@id":"https:\/\/egimpresores.com\/#\/schema\/logo\/image\/","url":"http:\/\/egimpresores.com\/wp-content\/uploads\/logo.png","contentUrl":"http:\/\/egimpresores.com\/wp-content\/uploads\/logo.png","width":193,"height":36,"caption":"EG Impresores"},"image":{"@id":"https:\/\/egimpresores.com\/#\/schema\/logo\/image\/"}}]}},"_links":{"self":[{"href":"https:\/\/egimpresores.com\/index.php?rest_route=\/wp\/v2\/pages\/2234","targetHints":{"allow":["GET"]}}],"collection":[{"href":"https:\/\/egimpresores.com\/index.php?rest_route=\/wp\/v2\/pages"}],"about":[{"href":"https:\/\/egimpresores.com\/index.php?rest_route=\/wp\/v2\/types\/page"}],"author":[{"embeddable":true,"href":"https:\/\/egimpresores.com\/index.php?rest_route=\/wp\/v2\/users\/1"}],"replies":[{"embeddable":true,"href":"https:\/\/egimpresores.com\/index.php?rest_route=%2Fwp%2Fv2%2Fcomments&post=2234"}],"version-history":[{"count":4,"href":"https:\/\/egimpresores.com\/index.php?rest_route=\/wp\/v2\/pages\/2234\/revisions"}],"predecessor-version":[{"id":2450,"href":"https:\/\/egimpresores.com\/index.php?rest_route=\/wp\/v2\/pages\/2234\/revisions\/2450"}],"wp:attachment":[{"href":"https:\/\/egimpresores.com\/index.php?rest_route=%2Fwp%2Fv2%2Fmedia&parent=2234"}],"curies":[{"name":"wp","href":"https:\/\/api.w.org\/{rel}","templated":true}]}}