{"id":1622,"date":"2021-02-04T14:39:34","date_gmt":"2021-02-04T17:39:34","guid":{"rendered":"http:\/\/200.80.234.162\/?page_id=1622"},"modified":"2021-06-16T12:43:29","modified_gmt":"2021-06-16T15:43:29","slug":"sustentabilidad","status":"publish","type":"page","link":"https:\/\/egimpresores.com\/?page_id=1622","title":{"rendered":"Sustentabilidad"},"content":{"rendered":"[vc_row type=\u00bbfull_width_background\u00bb full_screen_row_position=\u00bbmiddle\u00bb column_margin=\u00bbdefault\u00bb column_direction=\u00bbdefault\u00bb column_direction_tablet=\u00bbdefault\u00bb column_direction_phone=\u00bbdefault\u00bb bg_image=\u00bb1795&#8243; bg_position=\u00bbleft top\u00bb bg_repeat=\u00bbno-repeat\u00bb scene_position=\u00bbcenter\u00bb text_color=\u00bbdark\u00bb text_align=\u00bbleft\u00bb row_border_radius=\u00bbnone\u00bb row_border_radius_applies=\u00bbbg\u00bb overlay_strength=\u00bb0.3&#8243; gradient_direction=\u00bbleft_to_right\u00bb shape_divider_position=\u00bbbottom\u00bb bg_image_animation=\u00bbnone\u00bb shape_type=\u00bb\u00bb][vc_column column_padding=\u00bbno-extra-padding\u00bb column_padding_tablet=\u00bbinherit\u00bb column_padding_phone=\u00bbinherit\u00bb column_padding_position=\u00bball\u00bb background_color_opacity=\u00bb1&#8243; background_hover_color_opacity=\u00bb1&#8243; column_shadow=\u00bbnone\u00bb column_border_radius=\u00bbnone\u00bb column_link_target=\u00bb_self\u00bb gradient_direction=\u00bbleft_to_right\u00bb overlay_strength=\u00bb0.3&#8243; width=\u00bb1\/1&#8243; tablet_width_inherit=\u00bbdefault\u00bb tablet_text_alignment=\u00bbdefault\u00bb phone_text_alignment=\u00bbdefault\u00bb column_border_width=\u00bbnone\u00bb column_border_style=\u00bbsolid\u00bb bg_image_animation=\u00bbnone\u00bb][vc_column_text css_animation=\u00bbfadeInUp\u00bb css=\u00bb.vc_custom_1613665846289{padding-top: 40px !important;padding-bottom: 40px !important;}\u00bb]\n<h2 style=\"text-align: center; color: #003767;\">Creemos que es posible establecer una gesti\u00f3n sustentable buscando el equilibrio entre lo econ\u00f3mico, lo social y lo ambiental.<\/h2>\n[\/vc_column_text][\/vc_column][\/vc_row][vc_row type=\u00bbfull_width_background\u00bb full_screen_row_position=\u00bbmiddle\u00bb column_margin=\u00bb40px\u00bb equal_height=\u00bbyes\u00bb column_direction=\u00bbdefault\u00bb column_direction_tablet=\u00bbdefault\u00bb column_direction_phone=\u00bbdefault\u00bb scene_position=\u00bbcenter\u00bb top_padding=\u00bb33&#8243; bottom_padding=\u00bb33&#8243; text_color=\u00bbdark\u00bb text_align=\u00bbleft\u00bb row_border_radius=\u00bbnone\u00bb row_border_radius_applies=\u00bbbg\u00bb overlay_strength=\u00bb0.3&#8243; gradient_direction=\u00bbleft_to_right\u00bb shape_divider_position=\u00bbbottom\u00bb bg_image_animation=\u00bbnone\u00bb shape_type=\u00bb\u00bb][vc_column column_padding=\u00bbno-extra-padding\u00bb column_padding_tablet=\u00bbinherit\u00bb column_padding_phone=\u00bbinherit\u00bb column_padding_position=\u00bball\u00bb background_color_opacity=\u00bb1&#8243; background_hover_color_opacity=\u00bb1&#8243; column_shadow=\u00bbnone\u00bb column_border_radius=\u00bbnone\u00bb column_link_target=\u00bb_self\u00bb gradient_direction=\u00bbleft_to_right\u00bb overlay_strength=\u00bb0.3&#8243; width=\u00bb1\/4&#8243; tablet_width_inherit=\u00bbdefault\u00bb tablet_text_alignment=\u00bbdefault\u00bb phone_text_alignment=\u00bbdefault\u00bb column_border_width=\u00bbnone\u00bb column_border_style=\u00bbsolid\u00bb bg_image_animation=\u00bbnone\u00bb offset=\u00bbvc_hidden-sm vc_hidden-xs\u00bb][image_with_animation image_url=\u00bb1799&#8243; animation=\u00bbFade In From Bottom\u00bb hover_animation=\u00bbnone\u00bb alignment=\u00bb\u00bb border_radius=\u00bbnone\u00bb box_shadow=\u00bbnone\u00bb image_loading=\u00bbdefault\u00bb max_width=\u00bb100%\u00bb max_width_mobile=\u00bbdefault\u00bb el_class=\u00bbmobile-align-center\u00bb][vc_column_text css_animation=\u00bbfadeInUp\u00bb css=\u00bb.vc_custom_1614018887711{padding-top: 18px !important;}\u00bb]\n<h4 style=\"font-size: 18px; color: #003767; line-height: 24px;\"><strong>Con nuestra certificaci\u00f3n FSC<\/strong> acompa\u00f1amos la utilizaci\u00f3n responsable de los bosques, logrando satisfacer las necesidades sociales, ecol\u00f3gicas y econ\u00f3micas de la humanidad.<\/h4>\n[\/vc_column_text][\/vc_column][vc_column column_padding=\u00bbno-extra-padding\u00bb column_padding_tablet=\u00bbinherit\u00bb column_padding_phone=\u00bbinherit\u00bb column_padding_position=\u00bball\u00bb background_color_opacity=\u00bb1&#8243; background_hover_color_opacity=\u00bb1&#8243; column_shadow=\u00bbnone\u00bb column_border_radius=\u00bbnone\u00bb column_link_target=\u00bb_self\u00bb gradient_direction=\u00bbleft_to_right\u00bb overlay_strength=\u00bb0.3&#8243; width=\u00bb1\/4&#8243; tablet_width_inherit=\u00bbdefault\u00bb tablet_text_alignment=\u00bbdefault\u00bb phone_text_alignment=\u00bbdefault\u00bb column_border_width=\u00bbnone\u00bb column_border_style=\u00bbsolid\u00bb bg_image_animation=\u00bbnone\u00bb offset=\u00bbvc_hidden-sm vc_hidden-xs\u00bb][image_with_animation image_url=\u00bb1803&#8243; animation=\u00bbFade In From Bottom\u00bb hover_animation=\u00bbnone\u00bb alignment=\u00bb\u00bb border_radius=\u00bbnone\u00bb box_shadow=\u00bbnone\u00bb image_loading=\u00bbdefault\u00bb max_width=\u00bb100%\u00bb max_width_mobile=\u00bbdefault\u00bb el_class=\u00bbmobile-align-center\u00bb][vc_column_text css_animation=\u00bbfadeInUp\u00bb css=\u00bb.vc_custom_1614018894398{padding-top: 18px !important;}\u00bb]\n<h4 style=\"font-size: 18px; color: #003767; line-height: 24px;\"><strong>Gestionamos los residuos<\/strong> de manera sustentable clasific\u00e1ndolos y compact\u00e1ndolos para su correcto reciclado.<\/h4>\n[\/vc_column_text][\/vc_column][vc_column column_padding=\u00bbno-extra-padding\u00bb column_padding_tablet=\u00bbinherit\u00bb column_padding_phone=\u00bbinherit\u00bb column_padding_position=\u00bball\u00bb background_color_opacity=\u00bb1&#8243; background_hover_color_opacity=\u00bb1&#8243; column_shadow=\u00bbnone\u00bb column_border_radius=\u00bbnone\u00bb column_link_target=\u00bb_self\u00bb gradient_direction=\u00bbleft_to_right\u00bb overlay_strength=\u00bb0.3&#8243; width=\u00bb1\/4&#8243; tablet_width_inherit=\u00bbdefault\u00bb tablet_text_alignment=\u00bbdefault\u00bb phone_text_alignment=\u00bbdefault\u00bb column_border_width=\u00bbnone\u00bb column_border_style=\u00bbsolid\u00bb bg_image_animation=\u00bbnone\u00bb offset=\u00bbvc_hidden-sm vc_hidden-xs\u00bb][image_with_animation image_url=\u00bb1800&#8243; animation=\u00bbFade In From Bottom\u00bb hover_animation=\u00bbnone\u00bb alignment=\u00bb\u00bb border_radius=\u00bbnone\u00bb box_shadow=\u00bbnone\u00bb image_loading=\u00bbdefault\u00bb max_width=\u00bb100%\u00bb max_width_mobile=\u00bbdefault\u00bb el_class=\u00bbmobile-align-center\u00bb][vc_column_text css_animation=\u00bbfadeInUp\u00bb css=\u00bb.vc_custom_1614018900926{padding-top: 18px !important;}\u00bb]\n<h4 style=\"font-size: 18px; color: #003767; line-height: 24px;\"><strong>Promovemos el uso responsable de recursos<\/strong> racionalizando la utilizaci\u00f3n del agua y de la energ\u00eda.<\/h4>\n[\/vc_column_text][\/vc_column][vc_column column_padding=\u00bbno-extra-padding\u00bb column_padding_tablet=\u00bbinherit\u00bb column_padding_phone=\u00bbinherit\u00bb column_padding_position=\u00bball\u00bb bottom_margin=\u00bb60&#8243; background_color_opacity=\u00bb1&#8243; background_hover_color_opacity=\u00bb1&#8243; column_shadow=\u00bbnone\u00bb column_border_radius=\u00bbnone\u00bb column_link_target=\u00bb_self\u00bb gradient_direction=\u00bbleft_to_right\u00bb overlay_strength=\u00bb0.3&#8243; width=\u00bb1\/4&#8243; tablet_width_inherit=\u00bbdefault\u00bb tablet_text_alignment=\u00bbdefault\u00bb phone_text_alignment=\u00bbdefault\u00bb column_border_width=\u00bbnone\u00bb column_border_style=\u00bbsolid\u00bb bg_image_animation=\u00bbnone\u00bb offset=\u00bbvc_hidden-sm vc_hidden-xs\u00bb][image_with_animation image_url=\u00bb1798&#8243; animation=\u00bbFade In From Bottom\u00bb hover_animation=\u00bbnone\u00bb alignment=\u00bb\u00bb border_radius=\u00bbnone\u00bb box_shadow=\u00bbnone\u00bb image_loading=\u00bbdefault\u00bb max_width=\u00bb100%\u00bb max_width_mobile=\u00bbdefault\u00bb el_class=\u00bbmobile-align-center\u00bb][vc_column_text css_animation=\u00bbfadeInUp\u00bb css=\u00bb.vc_custom_1614018908910{padding-top: 18px !important;}\u00bb]\n<h4 style=\"font-size: 18px; color: #003767; line-height: 24px;\"><strong>Trabajamos junto a nuestros proveedores<\/strong> para incorporar nuevos insumos y nuevas tecnolog\u00edas que acompa\u00f1en nuestro compromiso con la sustentabilidad y el medio ambiente.<\/h4>\n[\/vc_column_text][\/vc_column][\/vc_row][vc_row type=\u00bbfull_width_background\u00bb full_screen_row_position=\u00bbmiddle\u00bb column_margin=\u00bbdefault\u00bb column_direction=\u00bbdefault\u00bb column_direction_tablet=\u00bbdefault\u00bb column_direction_phone=\u00bbdefault\u00bb scene_position=\u00bbcenter\u00bb bottom_padding_tablet=\u00bb30&#8243; bottom_padding_phone=\u00bb30&#8243; text_color=\u00bbdark\u00bb text_align=\u00bbleft\u00bb row_border_radius=\u00bbnone\u00bb row_border_radius_applies=\u00bbbg\u00bb id=\u00bbmobileHide\u00bb overlay_strength=\u00bb0.3&#8243; gradient_direction=\u00bbleft_to_right\u00bb shape_divider_position=\u00bbbottom\u00bb bg_image_animation=\u00bbnone\u00bb shape_type=\u00bb\u00bb][vc_column column_padding=\u00bbno-extra-padding\u00bb column_padding_tablet=\u00bbinherit\u00bb column_padding_phone=\u00bbinherit\u00bb column_padding_position=\u00bball\u00bb bottom_margin=\u00bb40&#8243; bottom_margin_tablet=\u00bb40&#8243; bottom_margin_phone=\u00bb40&#8243; background_color_opacity=\u00bb1&#8243; background_hover_color_opacity=\u00bb1&#8243; column_shadow=\u00bbnone\u00bb column_border_radius=\u00bbnone\u00bb column_link_target=\u00bb_self\u00bb gradient_direction=\u00bbleft_to_right\u00bb overlay_strength=\u00bb0.3&#8243; width=\u00bb1\/1&#8243; tablet_width_inherit=\u00bbdefault\u00bb tablet_text_alignment=\u00bbdefault\u00bb phone_text_alignment=\u00bbdefault\u00bb column_border_width=\u00bbnone\u00bb column_border_style=\u00bbsolid\u00bb bg_image_animation=\u00bbnone\u00bb offset=\u00bbvc_hidden-lg vc_hidden-md\u00bb][testimonial_slider style=\u00bbminimal\u00bb star_rating_color=\u00bbaccent-color\u00bb autorotate=\u00bb5000&#8243;][testimonial image=\u00bb1799&#8243; star_rating=\u00bbnone\u00bb title=\u00bbTestimonial\u00bb id=\u00bb1612894623312-0&#8243; quote=\u00bb<b>Con nuestra certificaci\u00f3n FSC<\/b> acompa\u00f1amos la utilizaci\u00f3n responsable de los bosques, logrando satisfacer las necesidades sociales, ecol\u00f3gicas y econ\u00f3micas de la humanidad.\u00bb tab_id=\u00bb1612894623313-10&#8243;][testimonial image=\u00bb1803&#8243; star_rating=\u00bbnone\u00bb title=\u00bbTestimonial\u00bb id=\u00bb1612894623341-3&#8243; quote=\u00bb<b>Gestionamos los residuos<\/b> de manera sustentable clasific\u00e1ndolos y compact\u00e1ndolos para su correcto reciclado.\u00bb tab_id=\u00bb1612894623342-3&#8243;][testimonial image=\u00bb1800&#8243; star_rating=\u00bbnone\u00bb title=\u00bbTestimonial\u00bb id=\u00bb1612894623357-10&#8243; quote=\u00bb<b>Promovemos el uso responsable de recursos <\/b>racionalizando la utilizaci\u00f3n del agua y de la energ\u00eda.\u00bb tab_id=\u00bb1612894623357-7&#8243;][testimonial image=\u00bb1798&#8243; star_rating=\u00bbnone\u00bb title=\u00bbTestimonial\u00bb id=\u00bb1612894623380-7&#8243; quote=\u00bb<b>Trabajamos junto a nuestros proveedores<\/b> para incorporar nuevos insumos y nuevas tecnolog\u00edas que acompa\u00f1en nuestro compromiso con la sustentabilidad y el medio ambiente.\u00bb tab_id=\u00bb1612894623380-1&#8243;][\/testimonial_slider][\/vc_column][\/vc_row]\n","protected":false},"excerpt":{"rendered":"<p>[vc_row type=\u00bbfull_width_background\u00bb full_screen_row_position=\u00bbmiddle\u00bb column_margin=\u00bbdefault\u00bb column_direction=\u00bbdefault\u00bb column_direction_tablet=\u00bbdefault\u00bb column_direction_phone=\u00bbdefault\u00bb bg_image=\u00bb1795&#8243; bg_position=\u00bbleft top\u00bb bg_repeat=\u00bbno-repeat\u00bb scene_position=\u00bbcenter\u00bb text_color=\u00bbdark\u00bb text_align=\u00bbleft\u00bb row_border_radius=\u00bbnone\u00bb row_border_radius_applies=\u00bbbg\u00bb overlay_strength=\u00bb0.3&#8243; gradient_direction=\u00bbleft_to_right\u00bb shape_divider_position=\u00bbbottom\u00bb bg_image_animation=\u00bbnone\u00bb shape_type=\u00bb\u00bb][vc_column column_padding=\u00bbno-extra-padding\u00bb column_padding_tablet=\u00bbinherit\u00bb column_padding_phone=\u00bbinherit\u00bb column_padding_position=\u00bball\u00bb background_color_opacity=\u00bb1&#8243; background_hover_color_opacity=\u00bb1&#8243; column_shadow=\u00bbnone\u00bb column_border_radius=\u00bbnone\u00bb column_link_target=\u00bb_self\u00bb&#8230;<\/p>\n","protected":false},"author":1,"featured_media":0,"parent":0,"menu_order":0,"comment_status":"closed","ping_status":"closed","template":"","meta":{"footnotes":""},"class_list":["post-1622","page","type-page","status-publish"],"yoast_head":"<!-- This site is optimized with the Yoast SEO plugin v27.4 - https:\/\/yoast.com\/product\/yoast-seo-wordpress\/ -->\n<title>Sustentabilidad | EG Impresores<\/title>\n<meta name=\"description\" content=\"Garantizamos a nuestros clientes que la materia prima es obtenida de bosques bien gestionados y sustentables.\" \/>\n<meta name=\"robots\" content=\"index, follow, max-snippet:-1, max-image-preview:large, max-video-preview:-1\" \/>\n<link rel=\"canonical\" href=\"https:\/\/egimpresores.com\/?page_id=1622\" \/>\n<meta property=\"og:locale\" content=\"es_ES\" \/>\n<meta property=\"og:type\" content=\"article\" \/>\n<meta property=\"og:title\" content=\"Sustentabilidad | EG Impresores\" \/>\n<meta property=\"og:description\" content=\"Garantizamos a nuestros clientes que la materia prima es obtenida de bosques bien gestionados y sustentables.\" \/>\n<meta property=\"og:url\" content=\"https:\/\/egimpresores.com\/?page_id=1622\" \/>\n<meta property=\"og:site_name\" content=\"EG Impresores\" \/>\n<meta property=\"article:modified_time\" content=\"2021-06-16T15:43:29+00:00\" \/>\n<meta property=\"og:image\" content=\"https:\/\/egimpresores.com\/wp-content\/uploads\/logo@2x-1.png\" \/>\n\t<meta property=\"og:image:width\" content=\"386\" \/>\n\t<meta property=\"og:image:height\" content=\"72\" \/>\n\t<meta property=\"og:image:type\" content=\"image\/png\" \/>\n<meta name=\"twitter:card\" content=\"summary_large_image\" \/>\n<meta name=\"twitter:title\" content=\"Sustentabilidad | EG Impresores\" \/>\n<meta name=\"twitter:description\" content=\"Garantizamos a nuestros clientes que la materia prima es obtenida de bosques bien gestionados y sustentables.\" \/>\n<meta name=\"twitter:label1\" content=\"Tiempo de lectura\" \/>\n\t<meta name=\"twitter:data1\" content=\"6 minutos\" \/>\n<script type=\"application\/ld+json\" class=\"yoast-schema-graph\">{\"@context\":\"https:\\\/\\\/schema.org\",\"@graph\":[{\"@type\":\"WebPage\",\"@id\":\"https:\\\/\\\/egimpresores.com\\\/?page_id=1622\",\"url\":\"https:\\\/\\\/egimpresores.com\\\/?page_id=1622\",\"name\":\"Sustentabilidad | EG Impresores\",\"isPartOf\":{\"@id\":\"https:\\\/\\\/egimpresores.com\\\/#website\"},\"datePublished\":\"2021-02-04T17:39:34+00:00\",\"dateModified\":\"2021-06-16T15:43:29+00:00\",\"description\":\"Garantizamos a nuestros clientes que la materia prima es obtenida de bosques bien gestionados y sustentables.\",\"breadcrumb\":{\"@id\":\"https:\\\/\\\/egimpresores.com\\\/?page_id=1622#breadcrumb\"},\"inLanguage\":\"es\",\"potentialAction\":[{\"@type\":\"ReadAction\",\"target\":[\"https:\\\/\\\/egimpresores.com\\\/?page_id=1622\"]}]},{\"@type\":\"BreadcrumbList\",\"@id\":\"https:\\\/\\\/egimpresores.com\\\/?page_id=1622#breadcrumb\",\"itemListElement\":[{\"@type\":\"ListItem\",\"position\":1,\"name\":\"Portada\",\"item\":\"https:\\\/\\\/egimpresores.com\\\/\"},{\"@type\":\"ListItem\",\"position\":2,\"name\":\"Sustentabilidad\"}]},{\"@type\":\"WebSite\",\"@id\":\"https:\\\/\\\/egimpresores.com\\\/#website\",\"url\":\"https:\\\/\\\/egimpresores.com\\\/\",\"name\":\"EG Impresores\",\"description\":\"Establecimiento Gr&aacute;fico\",\"publisher\":{\"@id\":\"https:\\\/\\\/egimpresores.com\\\/#organization\"},\"potentialAction\":[{\"@type\":\"SearchAction\",\"target\":{\"@type\":\"EntryPoint\",\"urlTemplate\":\"https:\\\/\\\/egimpresores.com\\\/?s={search_term_string}\"},\"query-input\":{\"@type\":\"PropertyValueSpecification\",\"valueRequired\":true,\"valueName\":\"search_term_string\"}}],\"inLanguage\":\"es\"},{\"@type\":\"Organization\",\"@id\":\"https:\\\/\\\/egimpresores.com\\\/#organization\",\"name\":\"EG Impresores\",\"url\":\"https:\\\/\\\/egimpresores.com\\\/\",\"logo\":{\"@type\":\"ImageObject\",\"inLanguage\":\"es\",\"@id\":\"https:\\\/\\\/egimpresores.com\\\/#\\\/schema\\\/logo\\\/image\\\/\",\"url\":\"http:\\\/\\\/egimpresores.com\\\/wp-content\\\/uploads\\\/logo.png\",\"contentUrl\":\"http:\\\/\\\/egimpresores.com\\\/wp-content\\\/uploads\\\/logo.png\",\"width\":193,\"height\":36,\"caption\":\"EG Impresores\"},\"image\":{\"@id\":\"https:\\\/\\\/egimpresores.com\\\/#\\\/schema\\\/logo\\\/image\\\/\"}}]}<\/script>\n<!-- \/ Yoast SEO plugin. -->","yoast_head_json":{"title":"Sustentabilidad | EG Impresores","description":"Garantizamos a nuestros clientes que la materia prima es obtenida de bosques bien gestionados y sustentables.","robots":{"index":"index","follow":"follow","max-snippet":"max-snippet:-1","max-image-preview":"max-image-preview:large","max-video-preview":"max-video-preview:-1"},"canonical":"https:\/\/egimpresores.com\/?page_id=1622","og_locale":"es_ES","og_type":"article","og_title":"Sustentabilidad | EG Impresores","og_description":"Garantizamos a nuestros clientes que la materia prima es obtenida de bosques bien gestionados y sustentables.","og_url":"https:\/\/egimpresores.com\/?page_id=1622","og_site_name":"EG Impresores","article_modified_time":"2021-06-16T15:43:29+00:00","og_image":[{"width":386,"height":72,"url":"https:\/\/egimpresores.com\/wp-content\/uploads\/logo@2x-1.png","type":"image\/png"}],"twitter_card":"summary_large_image","twitter_title":"Sustentabilidad | EG Impresores","twitter_description":"Garantizamos a nuestros clientes que la materia prima es obtenida de bosques bien gestionados y sustentables.","twitter_misc":{"Tiempo de lectura":"6 minutos"},"schema":{"@context":"https:\/\/schema.org","@graph":[{"@type":"WebPage","@id":"https:\/\/egimpresores.com\/?page_id=1622","url":"https:\/\/egimpresores.com\/?page_id=1622","name":"Sustentabilidad | EG Impresores","isPartOf":{"@id":"https:\/\/egimpresores.com\/#website"},"datePublished":"2021-02-04T17:39:34+00:00","dateModified":"2021-06-16T15:43:29+00:00","description":"Garantizamos a nuestros clientes que la materia prima es obtenida de bosques bien gestionados y sustentables.","breadcrumb":{"@id":"https:\/\/egimpresores.com\/?page_id=1622#breadcrumb"},"inLanguage":"es","potentialAction":[{"@type":"ReadAction","target":["https:\/\/egimpresores.com\/?page_id=1622"]}]},{"@type":"BreadcrumbList","@id":"https:\/\/egimpresores.com\/?page_id=1622#breadcrumb","itemListElement":[{"@type":"ListItem","position":1,"name":"Portada","item":"https:\/\/egimpresores.com\/"},{"@type":"ListItem","position":2,"name":"Sustentabilidad"}]},{"@type":"WebSite","@id":"https:\/\/egimpresores.com\/#website","url":"https:\/\/egimpresores.com\/","name":"EG Impresores","description":"Establecimiento Gr&aacute;fico","publisher":{"@id":"https:\/\/egimpresores.com\/#organization"},"potentialAction":[{"@type":"SearchAction","target":{"@type":"EntryPoint","urlTemplate":"https:\/\/egimpresores.com\/?s={search_term_string}"},"query-input":{"@type":"PropertyValueSpecification","valueRequired":true,"valueName":"search_term_string"}}],"inLanguage":"es"},{"@type":"Organization","@id":"https:\/\/egimpresores.com\/#organization","name":"EG Impresores","url":"https:\/\/egimpresores.com\/","logo":{"@type":"ImageObject","inLanguage":"es","@id":"https:\/\/egimpresores.com\/#\/schema\/logo\/image\/","url":"http:\/\/egimpresores.com\/wp-content\/uploads\/logo.png","contentUrl":"http:\/\/egimpresores.com\/wp-content\/uploads\/logo.png","width":193,"height":36,"caption":"EG Impresores"},"image":{"@id":"https:\/\/egimpresores.com\/#\/schema\/logo\/image\/"}}]}},"_links":{"self":[{"href":"https:\/\/egimpresores.com\/index.php?rest_route=\/wp\/v2\/pages\/1622","targetHints":{"allow":["GET"]}}],"collection":[{"href":"https:\/\/egimpresores.com\/index.php?rest_route=\/wp\/v2\/pages"}],"about":[{"href":"https:\/\/egimpresores.com\/index.php?rest_route=\/wp\/v2\/types\/page"}],"author":[{"embeddable":true,"href":"https:\/\/egimpresores.com\/index.php?rest_route=\/wp\/v2\/users\/1"}],"replies":[{"embeddable":true,"href":"https:\/\/egimpresores.com\/index.php?rest_route=%2Fwp%2Fv2%2Fcomments&post=1622"}],"version-history":[{"count":40,"href":"https:\/\/egimpresores.com\/index.php?rest_route=\/wp\/v2\/pages\/1622\/revisions"}],"predecessor-version":[{"id":2514,"href":"https:\/\/egimpresores.com\/index.php?rest_route=\/wp\/v2\/pages\/1622\/revisions\/2514"}],"wp:attachment":[{"href":"https:\/\/egimpresores.com\/index.php?rest_route=%2Fwp%2Fv2%2Fmedia&parent=1622"}],"curies":[{"name":"wp","href":"https:\/\/api.w.org\/{rel}","templated":true}]}}