{"id":1621,"date":"2021-02-04T14:39:25","date_gmt":"2021-02-04T17:39:25","guid":{"rendered":"http:\/\/200.80.234.162\/?page_id=1621"},"modified":"2021-06-16T12:45:21","modified_gmt":"2021-06-16T15:45:21","slug":"certificaciones","status":"publish","type":"page","link":"https:\/\/egimpresores.com\/?page_id=1621","title":{"rendered":"Certificaciones"},"content":{"rendered":"[vc_row type=\u00bbin_container\u00bb full_screen_row_position=\u00bbmiddle\u00bb column_margin=\u00bbdefault\u00bb column_direction=\u00bbdefault\u00bb column_direction_tablet=\u00bbdefault\u00bb column_direction_phone=\u00bbdefault\u00bb scene_position=\u00bbcenter\u00bb top_padding=\u00bb90&#8243; bottom_padding=\u00bb30&#8243; top_padding_tablet=\u00bb40&#8243; bottom_padding_tablet=\u00bb0&#8243; top_padding_phone=\u00bb40&#8243; bottom_padding_phone=\u00bb0&#8243; text_color=\u00bbdark\u00bb text_align=\u00bbleft\u00bb row_border_radius=\u00bbnone\u00bb row_border_radius_applies=\u00bbbg\u00bb overlay_strength=\u00bb0.3&#8243; gradient_direction=\u00bbleft_to_right\u00bb shape_divider_position=\u00bbbottom\u00bb bg_image_animation=\u00bbnone\u00bb shape_type=\u00bb\u00bb][vc_column column_padding=\u00bbno-extra-padding\u00bb column_padding_tablet=\u00bbinherit\u00bb column_padding_phone=\u00bbinherit\u00bb column_padding_position=\u00bball\u00bb bottom_margin_tablet=\u00bb0&#8243; bottom_margin_phone=\u00bb0&#8243; background_color_opacity=\u00bb1&#8243; background_hover_color_opacity=\u00bb1&#8243; column_shadow=\u00bbnone\u00bb column_border_radius=\u00bbnone\u00bb column_link_target=\u00bb_self\u00bb gradient_direction=\u00bbleft_to_right\u00bb overlay_strength=\u00bb0.3&#8243; width=\u00bb5\/6&#8243; tablet_width_inherit=\u00bbdefault\u00bb tablet_text_alignment=\u00bbdefault\u00bb phone_text_alignment=\u00bbdefault\u00bb column_border_width=\u00bbnone\u00bb column_border_style=\u00bbsolid\u00bb bg_image_animation=\u00bbro-reveal-from-bottom\u00bb][vc_column_text css_animation=\u00bbfadeInUp\u00bb el_class=\u00bbcentertextmobile\u00bb]\n<h2 style=\"color: #002346;\">Trabajamos con un sistema de gesti\u00f3n integral que abarca no solo la calidad sino tambi\u00e9n nuestro compromiso con la sustentabilidad, la comunidad y el medioambiente.<\/h2>\n<h2 style=\"color: #002346;\">Nuestra pol\u00edtica de gesti\u00f3n de calidad e inocuidad se encuentra disponible para todas las partes interesadas.<\/h2>\n[\/vc_column_text][\/vc_column][vc_column column_padding=\u00bbno-extra-padding\u00bb column_padding_tablet=\u00bbinherit\u00bb column_padding_phone=\u00bbinherit\u00bb column_padding_position=\u00bball\u00bb background_color_opacity=\u00bb1&#8243; background_hover_color_opacity=\u00bb1&#8243; column_shadow=\u00bbnone\u00bb column_border_radius=\u00bbnone\u00bb column_link_target=\u00bb_self\u00bb gradient_direction=\u00bbleft_to_right\u00bb overlay_strength=\u00bb0.3&#8243; width=\u00bb1\/6&#8243; tablet_width_inherit=\u00bbdefault\u00bb tablet_text_alignment=\u00bbdefault\u00bb phone_text_alignment=\u00bbdefault\u00bb column_border_width=\u00bbnone\u00bb column_border_style=\u00bbsolid\u00bb bg_image_animation=\u00bbnone\u00bb enable_animation=\u00bbtrue\u00bb animation=\u00bbfade-in-from-bottom\u00bb offset=\u00bbvc_hidden-sm vc_hidden-xs\u00bb][image_with_animation image_url=\u00bb1812&#8243; animation=\u00bbFade In From Bottom\u00bb hover_animation=\u00bbnone\u00bb alignment=\u00bb\u00bb border_radius=\u00bbnone\u00bb box_shadow=\u00bbnone\u00bb image_loading=\u00bbdefault\u00bb max_width=\u00bb100%\u00bb max_width_mobile=\u00bbdefault\u00bb][\/vc_column][\/vc_row][vc_row type=\u00bbin_container\u00bb full_screen_row_position=\u00bbmiddle\u00bb column_margin=\u00bb60px\u00bb equal_height=\u00bbyes\u00bb content_placement=\u00bbmiddle\u00bb column_direction=\u00bbdefault\u00bb column_direction_tablet=\u00bbdefault\u00bb column_direction_phone=\u00bbdefault\u00bb scene_position=\u00bbcenter\u00bb bottom_padding=\u00bb0&#8243; top_padding_tablet=\u00bb0&#8243; bottom_padding_tablet=\u00bb0&#8243; top_padding_phone=\u00bb0&#8243; bottom_padding_phone=\u00bb0&#8243; text_color=\u00bbdark\u00bb text_align=\u00bbleft\u00bb row_border_radius=\u00bbnone\u00bb row_border_radius_applies=\u00bbbg\u00bb overlay_strength=\u00bb0.3&#8243; gradient_direction=\u00bbleft_to_right\u00bb shape_divider_position=\u00bbbottom\u00bb bg_image_animation=\u00bbnone\u00bb shape_type=\u00bb\u00bb][vc_column column_padding=\u00bbno-extra-padding\u00bb column_padding_tablet=\u00bbinherit\u00bb column_padding_phone=\u00bbinherit\u00bb column_padding_position=\u00bball\u00bb background_color_opacity=\u00bb1&#8243; background_hover_color_opacity=\u00bb1&#8243; column_shadow=\u00bbnone\u00bb column_border_radius=\u00bbnone\u00bb column_link_target=\u00bb_self\u00bb gradient_direction=\u00bbleft_to_right\u00bb overlay_strength=\u00bb0.3&#8243; width=\u00bb1\/3&#8243; tablet_width_inherit=\u00bbdefault\u00bb tablet_text_alignment=\u00bbdefault\u00bb phone_text_alignment=\u00bbdefault\u00bb column_border_width=\u00bbnone\u00bb column_border_style=\u00bbsolid\u00bb bg_image_animation=\u00bbnone\u00bb offset=\u00bbvc_hidden-sm vc_hidden-xs\u00bb][vc_column_text css_animation=\u00bbfadeInUp\u00bb]<img loading=\"lazy\" decoding=\"async\" class=\"size-full wp-image-2216 aligncenter\" style=\"max-width: 98px;\" src=\"\/wp-content\/uploads\/FSC-2.png\" alt=\"\" width=\"98\" height=\"152\" \/>[\/vc_column_text][\/vc_column][vc_column column_padding=\u00bbno-extra-padding\u00bb column_padding_tablet=\u00bbinherit\u00bb column_padding_phone=\u00bbinherit\u00bb column_padding_position=\u00bball\u00bb background_color_opacity=\u00bb1&#8243; background_hover_color_opacity=\u00bb1&#8243; column_shadow=\u00bbnone\u00bb column_border_radius=\u00bbnone\u00bb column_link_target=\u00bb_self\u00bb gradient_direction=\u00bbleft_to_right\u00bb overlay_strength=\u00bb0.3&#8243; width=\u00bb1\/3&#8243; tablet_width_inherit=\u00bbdefault\u00bb tablet_text_alignment=\u00bbdefault\u00bb phone_text_alignment=\u00bbdefault\u00bb column_border_width=\u00bbnone\u00bb column_border_style=\u00bbsolid\u00bb bg_image_animation=\u00bbnone\u00bb offset=\u00bbvc_hidden-sm vc_hidden-xs\u00bb][vc_column_text css_animation=\u00bbfadeInUp\u00bb]<img loading=\"lazy\" decoding=\"async\" class=\"size-full wp-image-2216 aligncenter\" style=\"max-width: 98px;\" src=\"\/wp-content\/uploads\/iso9001-2015.png\" alt=\"\" width=\"98\" height=\"98\" \/>[\/vc_column_text][\/vc_column][vc_column column_padding=\u00bbno-extra-padding\u00bb column_padding_tablet=\u00bbinherit\u00bb column_padding_phone=\u00bbinherit\u00bb column_padding_position=\u00bball\u00bb background_color_opacity=\u00bb1&#8243; background_hover_color_opacity=\u00bb1&#8243; column_shadow=\u00bbnone\u00bb column_border_radius=\u00bbnone\u00bb column_link_target=\u00bb_self\u00bb gradient_direction=\u00bbleft_to_right\u00bb overlay_strength=\u00bb0.3&#8243; width=\u00bb1\/3&#8243; tablet_width_inherit=\u00bbdefault\u00bb tablet_text_alignment=\u00bbdefault\u00bb phone_text_alignment=\u00bbdefault\u00bb column_border_width=\u00bbnone\u00bb column_border_style=\u00bbsolid\u00bb bg_image_animation=\u00bbnone\u00bb offset=\u00bbvc_hidden-sm vc_hidden-xs\u00bb][vc_column_text css_animation=\u00bbfadeInUp\u00bb]<img loading=\"lazy\" decoding=\"async\" class=\"size-full wp-image-2216 aligncenter\" style=\"max-width: 243px;\" src=\"\/wp-content\/uploads\/FSSC-22000.png\" alt=\"\" width=\"243\" height=\"44\" \/>[\/vc_column_text][\/vc_column][\/vc_row][vc_row type=\u00bbin_container\u00bb full_screen_row_position=\u00bbmiddle\u00bb column_margin=\u00bb60px\u00bb column_direction=\u00bbdefault\u00bb column_direction_tablet=\u00bbdefault\u00bb column_direction_phone=\u00bbdefault\u00bb scene_position=\u00bbcenter\u00bb top_padding=\u00bb0&#8243; bottom_padding=\u00bb90&#8243; top_padding_tablet=\u00bb0&#8243; bottom_padding_tablet=\u00bb0&#8243; top_padding_phone=\u00bb0&#8243; bottom_padding_phone=\u00bb0&#8243; text_color=\u00bbdark\u00bb text_align=\u00bbleft\u00bb row_border_radius=\u00bbnone\u00bb row_border_radius_applies=\u00bbbg\u00bb overlay_strength=\u00bb0.3&#8243; gradient_direction=\u00bbleft_to_right\u00bb shape_divider_position=\u00bbbottom\u00bb bg_image_animation=\u00bbnone\u00bb shape_type=\u00bb\u00bb][vc_column column_padding=\u00bbno-extra-padding\u00bb column_padding_tablet=\u00bbinherit\u00bb column_padding_phone=\u00bbinherit\u00bb column_padding_position=\u00bball\u00bb background_color_opacity=\u00bb1&#8243; background_hover_color_opacity=\u00bb1&#8243; column_shadow=\u00bbnone\u00bb column_border_radius=\u00bbnone\u00bb column_link_target=\u00bb_self\u00bb gradient_direction=\u00bbleft_to_right\u00bb overlay_strength=\u00bb0.3&#8243; width=\u00bb1\/3&#8243; tablet_width_inherit=\u00bbdefault\u00bb tablet_text_alignment=\u00bbdefault\u00bb phone_text_alignment=\u00bbdefault\u00bb column_border_width=\u00bbnone\u00bb column_border_style=\u00bbsolid\u00bb bg_image_animation=\u00bbnone\u00bb offset=\u00bbvc_hidden-sm vc_hidden-xs\u00bb][vc_column_text css_animation=\u00bbfadeInUp\u00bb]\n<h2 style=\"font-size: 20px; font-weight: bold; color: #003767;\">Certificaci\u00f3n FSC<sup>\u00ae<\/sup><\/h2>\n[\/vc_column_text][vc_column_text css_animation=\u00bbfadeInUp\u00bb]\n<p style=\"font-size: 19px; color: #003767; line-height: 26px;\">Tiene el objetivo de promover una <strong>gesti\u00f3n forestal ambientalmente responsable<\/strong>, socialmente beneficiosa y econ\u00f3micamente viable en los bosques de todo el mundo.<br \/>\nCon la utilizaci\u00f3n de cartulinas y papeles FSC<sup>\u00ae<\/sup> mostramos nuestro <strong>compromiso con la naturaleza y con el manejo sustentable de los bosques.<\/strong>[\/vc_column_text][\/vc_column][vc_column column_padding=\u00bbno-extra-padding\u00bb column_padding_tablet=\u00bbinherit\u00bb column_padding_phone=\u00bbinherit\u00bb column_padding_position=\u00bball\u00bb background_color_opacity=\u00bb1&#8243; background_hover_color_opacity=\u00bb1&#8243; column_shadow=\u00bbnone\u00bb column_border_radius=\u00bbnone\u00bb column_link_target=\u00bb_self\u00bb gradient_direction=\u00bbleft_to_right\u00bb overlay_strength=\u00bb0.3&#8243; width=\u00bb1\/3&#8243; tablet_width_inherit=\u00bbdefault\u00bb tablet_text_alignment=\u00bbdefault\u00bb phone_text_alignment=\u00bbdefault\u00bb column_border_width=\u00bbnone\u00bb column_border_style=\u00bbsolid\u00bb bg_image_animation=\u00bbnone\u00bb offset=\u00bbvc_hidden-sm vc_hidden-xs\u00bb][vc_column_text css_animation=\u00bbfadeInUp\u00bb]\n<h2 style=\"font-size: 20px; font-weight: bold; color: #003767;\">Certificaci\u00f3n ISO 9001:2015<\/h2>\n[\/vc_column_text][vc_column_text css_animation=\u00bbfadeInUp\u00bb]\n<p style=\"font-size: 19px; color: #003767; line-height: 26px;\">Nuestro<strong> sistema de Gesti\u00f3n de Calidad<\/strong> certificado nos permite mantener y administrar la calidad de los procesos, fomentar la <strong>mejora contin\u00faa y alcanzar elevados niveles de satisfacci\u00f3n de cliente.<\/strong><\/p>\n[\/vc_column_text][\/vc_column][vc_column column_padding=\u00bbno-extra-padding\u00bb column_padding_tablet=\u00bbinherit\u00bb column_padding_phone=\u00bbinherit\u00bb column_padding_position=\u00bball\u00bb background_color_opacity=\u00bb1&#8243; background_hover_color_opacity=\u00bb1&#8243; column_shadow=\u00bbnone\u00bb column_border_radius=\u00bbnone\u00bb column_link_target=\u00bb_self\u00bb gradient_direction=\u00bbleft_to_right\u00bb overlay_strength=\u00bb0.3&#8243; width=\u00bb1\/3&#8243; tablet_width_inherit=\u00bbdefault\u00bb tablet_text_alignment=\u00bbdefault\u00bb phone_text_alignment=\u00bbdefault\u00bb column_border_width=\u00bbnone\u00bb column_border_style=\u00bbsolid\u00bb bg_image_animation=\u00bbnone\u00bb offset=\u00bbvc_hidden-sm vc_hidden-xs\u00bb][vc_column_text css_animation=\u00bbfadeInUp\u00bb]\n<h2 style=\"font-size: 20px; font-weight: bold; color: #003767;\">Certificaci\u00f3n FSSC 22000<\/h2>\n[\/vc_column_text][vc_column_text css_animation=\u00bbfadeInUp\u00bb]\n<p style=\"font-size: 19px; color: #003767; line-height: 26px;\">Garantizamos la <strong>inocuidad de nuestros procesos y de los productos<\/strong> que fabricamos, promoviendo el<strong> uso sustentable de los recursos<\/strong>, cumpliendo con los requisitos legales y de los clientes, analizando los riesgos y definiendo metas y objetivos.<\/p>\n[\/vc_column_text][\/vc_column][\/vc_row][vc_row type=\u00bbin_container\u00bb full_screen_row_position=\u00bbmiddle\u00bb column_margin=\u00bbdefault\u00bb column_direction=\u00bbdefault\u00bb column_direction_tablet=\u00bbdefault\u00bb column_direction_phone=\u00bbdefault\u00bb scene_position=\u00bbcenter\u00bb bottom_padding_tablet=\u00bb40&#8243; bottom_padding_phone=\u00bb40&#8243; text_color=\u00bbdark\u00bb text_align=\u00bbleft\u00bb row_border_radius=\u00bbnone\u00bb row_border_radius_applies=\u00bbbg\u00bb overlay_strength=\u00bb0.3&#8243; gradient_direction=\u00bbleft_to_right\u00bb shape_divider_position=\u00bbbottom\u00bb bg_image_animation=\u00bbnone\u00bb shape_type=\u00bb\u00bb][vc_column column_padding=\u00bbno-extra-padding\u00bb column_padding_tablet=\u00bbinherit\u00bb column_padding_phone=\u00bbinherit\u00bb column_padding_position=\u00bball\u00bb background_color_opacity=\u00bb1&#8243; background_hover_color_opacity=\u00bb1&#8243; column_shadow=\u00bbnone\u00bb column_border_radius=\u00bbnone\u00bb column_link_target=\u00bb_self\u00bb gradient_direction=\u00bbleft_to_right\u00bb overlay_strength=\u00bb0.3&#8243; width=\u00bb1\/1&#8243; tablet_width_inherit=\u00bbdefault\u00bb tablet_text_alignment=\u00bbdefault\u00bb phone_text_alignment=\u00bbdefault\u00bb column_border_width=\u00bbnone\u00bb column_border_style=\u00bbsolid\u00bb bg_image_animation=\u00bbnone\u00bb offset=\u00bbvc_hidden-lg vc_hidden-md\u00bb][testimonial_slider style=\u00bbminimal\u00bb star_rating_color=\u00bbaccent-color\u00bb][testimonial image=\u00bb2216&#8243; star_rating=\u00bbnone\u00bb title=\u00bbTestimonial\u00bb id=\u00bb1612983074-1-86&#8243; quote=\u00bb<b>Certificaci\u00f3n FSC<sup>\u00ae<\/sup><\/b><br \/>\nTiene el objetivo de promover una gesti\u00f3n forestal ambientalmente responsable, socialmente beneficiosa y econ\u00f3micamente viable en los bosques de todo el mundo.<br \/>\nCon la utilizaci\u00f3n de cartulinas y papeles FSC<sup>\u00ae<\/sup> mostramos nuestro compromiso con la naturaleza y con el manejo sustentable de los bosques.\u00bb][testimonial image=\u00bb2227&#8243; star_rating=\u00bbnone\u00bb title=\u00bbTestimonial\u00bb id=\u00bb1612983074-1-86&#8243; quote=\u00bb<b>Certificaci\u00f3n ISO 9001:2015<\/b><br \/>\nNuestro sistema de Gesti\u00f3n de Calidad certificado nos permite mantener y administrar la calidad de los procesos, fomentar la mejora contin\u00faa y alcanzar elevados niveles de satisfacci\u00f3n de cliente.\u00bb][testimonial image=\u00bb2226&#8243; star_rating=\u00bbnone\u00bb title=\u00bbTestimonial\u00bb id=\u00bb1612983074-1-86&#8243; quote=\u00bb<b>Certificaci\u00f3n FSSC 22000<\/b><br \/>\nGarantizamos la inocuidad de nuestros procesos y de los productos que fabricamos, promoviendo el uso sustentable de los recursos, cumpliendo con los requisitos legales y de los clientes, analizando los riesgos y definiendo metas y objetivos.\u00bb][\/testimonial_slider][\/vc_column][\/vc_row]\n","protected":false},"excerpt":{"rendered":"<p>[vc_row type=\u00bbin_container\u00bb full_screen_row_position=\u00bbmiddle\u00bb column_margin=\u00bbdefault\u00bb column_direction=\u00bbdefault\u00bb column_direction_tablet=\u00bbdefault\u00bb column_direction_phone=\u00bbdefault\u00bb scene_position=\u00bbcenter\u00bb top_padding=\u00bb90&#8243; bottom_padding=\u00bb30&#8243; top_padding_tablet=\u00bb40&#8243; bottom_padding_tablet=\u00bb0&#8243; top_padding_phone=\u00bb40&#8243; bottom_padding_phone=\u00bb0&#8243; text_color=\u00bbdark\u00bb text_align=\u00bbleft\u00bb row_border_radius=\u00bbnone\u00bb row_border_radius_applies=\u00bbbg\u00bb overlay_strength=\u00bb0.3&#8243; gradient_direction=\u00bbleft_to_right\u00bb shape_divider_position=\u00bbbottom\u00bb bg_image_animation=\u00bbnone\u00bb shape_type=\u00bb\u00bb][vc_column column_padding=\u00bbno-extra-padding\u00bb column_padding_tablet=\u00bbinherit\u00bb column_padding_phone=\u00bbinherit\u00bb column_padding_position=\u00bball\u00bb bottom_margin_tablet=\u00bb0&#8243; bottom_margin_phone=\u00bb0&#8243; background_color_opacity=\u00bb1&#8243;&#8230;<\/p>\n","protected":false},"author":1,"featured_media":1665,"parent":0,"menu_order":0,"comment_status":"closed","ping_status":"closed","template":"","meta":{"footnotes":""},"class_list":["post-1621","page","type-page","status-publish","has-post-thumbnail"],"yoast_head":"<!-- This site is optimized with the Yoast SEO plugin v27.4 - https:\/\/yoast.com\/product\/yoast-seo-wordpress\/ -->\n<title>Certificaciones | EG Impresores<\/title>\n<meta name=\"description\" content=\"Tenemos m\u00e1s de 50 a\u00f1os en el mercado gr\u00e1fico y certificaciones que comprueban nuestro expertise y profesionalismo.\" \/>\n<meta name=\"robots\" content=\"index, follow, max-snippet:-1, max-image-preview:large, max-video-preview:-1\" \/>\n<link rel=\"canonical\" href=\"https:\/\/egimpresores.com\/?page_id=1621\" \/>\n<meta property=\"og:locale\" content=\"es_ES\" \/>\n<meta property=\"og:type\" content=\"article\" \/>\n<meta property=\"og:title\" content=\"Certificaciones | EG Impresores\" \/>\n<meta property=\"og:description\" content=\"Tenemos m\u00e1s de 50 a\u00f1os en el mercado gr\u00e1fico y certificaciones que comprueban nuestro expertise y profesionalismo.\" \/>\n<meta property=\"og:url\" content=\"https:\/\/egimpresores.com\/?page_id=1621\" \/>\n<meta property=\"og:site_name\" content=\"EG Impresores\" \/>\n<meta property=\"article:modified_time\" content=\"2021-06-16T15:45:21+00:00\" \/>\n<meta property=\"og:image\" content=\"https:\/\/egimpresores.com\/wp-content\/uploads\/hero2000.jpg\" \/>\n\t<meta property=\"og:image:width\" content=\"2000\" \/>\n\t<meta property=\"og:image:height\" content=\"475\" \/>\n\t<meta property=\"og:image:type\" content=\"image\/jpeg\" \/>\n<meta name=\"twitter:card\" content=\"summary_large_image\" \/>\n<meta name=\"twitter:title\" content=\"Certificaciones | EG Impresores\" \/>\n<meta name=\"twitter:description\" content=\"Tenemos m\u00e1s de 50 a\u00f1os en el mercado gr\u00e1fico y certificaciones que comprueban nuestro expertise y profesionalismo.\" \/>\n<meta name=\"twitter:label1\" content=\"Tiempo de lectura\" \/>\n\t<meta name=\"twitter:data1\" content=\"7 minutos\" \/>\n<script type=\"application\/ld+json\" class=\"yoast-schema-graph\">{\"@context\":\"https:\\\/\\\/schema.org\",\"@graph\":[{\"@type\":\"WebPage\",\"@id\":\"https:\\\/\\\/egimpresores.com\\\/?page_id=1621\",\"url\":\"https:\\\/\\\/egimpresores.com\\\/?page_id=1621\",\"name\":\"Certificaciones | EG Impresores\",\"isPartOf\":{\"@id\":\"https:\\\/\\\/egimpresores.com\\\/#website\"},\"primaryImageOfPage\":{\"@id\":\"https:\\\/\\\/egimpresores.com\\\/?page_id=1621#primaryimage\"},\"image\":{\"@id\":\"https:\\\/\\\/egimpresores.com\\\/?page_id=1621#primaryimage\"},\"thumbnailUrl\":\"https:\\\/\\\/egimpresores.com\\\/wp-content\\\/uploads\\\/hero2000.jpg\",\"datePublished\":\"2021-02-04T17:39:25+00:00\",\"dateModified\":\"2021-06-16T15:45:21+00:00\",\"description\":\"Tenemos m\u00e1s de 50 a\u00f1os en el mercado gr\u00e1fico y certificaciones que comprueban nuestro expertise y profesionalismo.\",\"breadcrumb\":{\"@id\":\"https:\\\/\\\/egimpresores.com\\\/?page_id=1621#breadcrumb\"},\"inLanguage\":\"es\",\"potentialAction\":[{\"@type\":\"ReadAction\",\"target\":[\"https:\\\/\\\/egimpresores.com\\\/?page_id=1621\"]}]},{\"@type\":\"ImageObject\",\"inLanguage\":\"es\",\"@id\":\"https:\\\/\\\/egimpresores.com\\\/?page_id=1621#primaryimage\",\"url\":\"https:\\\/\\\/egimpresores.com\\\/wp-content\\\/uploads\\\/hero2000.jpg\",\"contentUrl\":\"https:\\\/\\\/egimpresores.com\\\/wp-content\\\/uploads\\\/hero2000.jpg\",\"width\":2000,\"height\":475,\"caption\":\"Maquinas de imprenta\"},{\"@type\":\"BreadcrumbList\",\"@id\":\"https:\\\/\\\/egimpresores.com\\\/?page_id=1621#breadcrumb\",\"itemListElement\":[{\"@type\":\"ListItem\",\"position\":1,\"name\":\"Portada\",\"item\":\"https:\\\/\\\/egimpresores.com\\\/\"},{\"@type\":\"ListItem\",\"position\":2,\"name\":\"Certificaciones\"}]},{\"@type\":\"WebSite\",\"@id\":\"https:\\\/\\\/egimpresores.com\\\/#website\",\"url\":\"https:\\\/\\\/egimpresores.com\\\/\",\"name\":\"EG Impresores\",\"description\":\"Establecimiento Gr&aacute;fico\",\"publisher\":{\"@id\":\"https:\\\/\\\/egimpresores.com\\\/#organization\"},\"potentialAction\":[{\"@type\":\"SearchAction\",\"target\":{\"@type\":\"EntryPoint\",\"urlTemplate\":\"https:\\\/\\\/egimpresores.com\\\/?s={search_term_string}\"},\"query-input\":{\"@type\":\"PropertyValueSpecification\",\"valueRequired\":true,\"valueName\":\"search_term_string\"}}],\"inLanguage\":\"es\"},{\"@type\":\"Organization\",\"@id\":\"https:\\\/\\\/egimpresores.com\\\/#organization\",\"name\":\"EG Impresores\",\"url\":\"https:\\\/\\\/egimpresores.com\\\/\",\"logo\":{\"@type\":\"ImageObject\",\"inLanguage\":\"es\",\"@id\":\"https:\\\/\\\/egimpresores.com\\\/#\\\/schema\\\/logo\\\/image\\\/\",\"url\":\"http:\\\/\\\/egimpresores.com\\\/wp-content\\\/uploads\\\/logo.png\",\"contentUrl\":\"http:\\\/\\\/egimpresores.com\\\/wp-content\\\/uploads\\\/logo.png\",\"width\":193,\"height\":36,\"caption\":\"EG Impresores\"},\"image\":{\"@id\":\"https:\\\/\\\/egimpresores.com\\\/#\\\/schema\\\/logo\\\/image\\\/\"}}]}<\/script>\n<!-- \/ Yoast SEO plugin. -->","yoast_head_json":{"title":"Certificaciones | EG Impresores","description":"Tenemos m\u00e1s de 50 a\u00f1os en el mercado gr\u00e1fico y certificaciones que comprueban nuestro expertise y profesionalismo.","robots":{"index":"index","follow":"follow","max-snippet":"max-snippet:-1","max-image-preview":"max-image-preview:large","max-video-preview":"max-video-preview:-1"},"canonical":"https:\/\/egimpresores.com\/?page_id=1621","og_locale":"es_ES","og_type":"article","og_title":"Certificaciones | EG Impresores","og_description":"Tenemos m\u00e1s de 50 a\u00f1os en el mercado gr\u00e1fico y certificaciones que comprueban nuestro expertise y profesionalismo.","og_url":"https:\/\/egimpresores.com\/?page_id=1621","og_site_name":"EG Impresores","article_modified_time":"2021-06-16T15:45:21+00:00","og_image":[{"width":2000,"height":475,"url":"https:\/\/egimpresores.com\/wp-content\/uploads\/hero2000.jpg","type":"image\/jpeg"}],"twitter_card":"summary_large_image","twitter_title":"Certificaciones | EG Impresores","twitter_description":"Tenemos m\u00e1s de 50 a\u00f1os en el mercado gr\u00e1fico y certificaciones que comprueban nuestro expertise y profesionalismo.","twitter_misc":{"Tiempo de lectura":"7 minutos"},"schema":{"@context":"https:\/\/schema.org","@graph":[{"@type":"WebPage","@id":"https:\/\/egimpresores.com\/?page_id=1621","url":"https:\/\/egimpresores.com\/?page_id=1621","name":"Certificaciones | EG Impresores","isPartOf":{"@id":"https:\/\/egimpresores.com\/#website"},"primaryImageOfPage":{"@id":"https:\/\/egimpresores.com\/?page_id=1621#primaryimage"},"image":{"@id":"https:\/\/egimpresores.com\/?page_id=1621#primaryimage"},"thumbnailUrl":"https:\/\/egimpresores.com\/wp-content\/uploads\/hero2000.jpg","datePublished":"2021-02-04T17:39:25+00:00","dateModified":"2021-06-16T15:45:21+00:00","description":"Tenemos m\u00e1s de 50 a\u00f1os en el mercado gr\u00e1fico y certificaciones que comprueban nuestro expertise y profesionalismo.","breadcrumb":{"@id":"https:\/\/egimpresores.com\/?page_id=1621#breadcrumb"},"inLanguage":"es","potentialAction":[{"@type":"ReadAction","target":["https:\/\/egimpresores.com\/?page_id=1621"]}]},{"@type":"ImageObject","inLanguage":"es","@id":"https:\/\/egimpresores.com\/?page_id=1621#primaryimage","url":"https:\/\/egimpresores.com\/wp-content\/uploads\/hero2000.jpg","contentUrl":"https:\/\/egimpresores.com\/wp-content\/uploads\/hero2000.jpg","width":2000,"height":475,"caption":"Maquinas de imprenta"},{"@type":"BreadcrumbList","@id":"https:\/\/egimpresores.com\/?page_id=1621#breadcrumb","itemListElement":[{"@type":"ListItem","position":1,"name":"Portada","item":"https:\/\/egimpresores.com\/"},{"@type":"ListItem","position":2,"name":"Certificaciones"}]},{"@type":"WebSite","@id":"https:\/\/egimpresores.com\/#website","url":"https:\/\/egimpresores.com\/","name":"EG Impresores","description":"Establecimiento Gr&aacute;fico","publisher":{"@id":"https:\/\/egimpresores.com\/#organization"},"potentialAction":[{"@type":"SearchAction","target":{"@type":"EntryPoint","urlTemplate":"https:\/\/egimpresores.com\/?s={search_term_string}"},"query-input":{"@type":"PropertyValueSpecification","valueRequired":true,"valueName":"search_term_string"}}],"inLanguage":"es"},{"@type":"Organization","@id":"https:\/\/egimpresores.com\/#organization","name":"EG Impresores","url":"https:\/\/egimpresores.com\/","logo":{"@type":"ImageObject","inLanguage":"es","@id":"https:\/\/egimpresores.com\/#\/schema\/logo\/image\/","url":"http:\/\/egimpresores.com\/wp-content\/uploads\/logo.png","contentUrl":"http:\/\/egimpresores.com\/wp-content\/uploads\/logo.png","width":193,"height":36,"caption":"EG Impresores"},"image":{"@id":"https:\/\/egimpresores.com\/#\/schema\/logo\/image\/"}}]}},"_links":{"self":[{"href":"https:\/\/egimpresores.com\/index.php?rest_route=\/wp\/v2\/pages\/1621","targetHints":{"allow":["GET"]}}],"collection":[{"href":"https:\/\/egimpresores.com\/index.php?rest_route=\/wp\/v2\/pages"}],"about":[{"href":"https:\/\/egimpresores.com\/index.php?rest_route=\/wp\/v2\/types\/page"}],"author":[{"embeddable":true,"href":"https:\/\/egimpresores.com\/index.php?rest_route=\/wp\/v2\/users\/1"}],"replies":[{"embeddable":true,"href":"https:\/\/egimpresores.com\/index.php?rest_route=%2Fwp%2Fv2%2Fcomments&post=1621"}],"version-history":[{"count":55,"href":"https:\/\/egimpresores.com\/index.php?rest_route=\/wp\/v2\/pages\/1621\/revisions"}],"predecessor-version":[{"id":2515,"href":"https:\/\/egimpresores.com\/index.php?rest_route=\/wp\/v2\/pages\/1621\/revisions\/2515"}],"wp:featuredmedia":[{"embeddable":true,"href":"https:\/\/egimpresores.com\/index.php?rest_route=\/wp\/v2\/media\/1665"}],"wp:attachment":[{"href":"https:\/\/egimpresores.com\/index.php?rest_route=%2Fwp%2Fv2%2Fmedia&parent=1621"}],"curies":[{"name":"wp","href":"https:\/\/api.w.org\/{rel}","templated":true}]}}